{"id":380,"date":"2024-08-08T23:36:41","date_gmt":"2024-08-08T23:36:41","guid":{"rendered":"https:\/\/ccmservicios.cl\/?page_id=380"},"modified":"2024-08-12T16:07:23","modified_gmt":"2024-08-12T16:07:23","slug":"empresa","status":"publish","type":"page","link":"https:\/\/ccmservicios.cl\/index.php\/empresa\/","title":{"rendered":"EMPRESA"},"content":{"rendered":"\t\t<div data-elementor-type=\"wp-page\" data-elementor-id=\"380\" class=\"elementor elementor-380\" data-elementor-settings=\"[]\">\n\t\t\t\t\t\t\t<div class=\"elementor-section-wrap\">\n\t\t\t\t\t\t\t<header class=\"elementor-section elementor-top-section elementor-element elementor-element-6cc49b59 elementor-section-height-min-height elementor-section-content-middle elementor-section-boxed elementor-section-height-default elementor-section-items-middle\" data-id=\"6cc49b59\" data-element_type=\"section\" data-settings=\"{&quot;background_background&quot;:&quot;classic&quot;,&quot;shape_divider_bottom&quot;:&quot;opacity-tilt&quot;}\">\n\t\t\t\t\t\t\t<div class=\"elementor-background-overlay\"><\/div>\n\t\t\t\t\t\t<div class=\"elementor-shape elementor-shape-bottom\" data-negative=\"false\">\n\t\t\t<svg xmlns=\"http:\/\/www.w3.org\/2000\/svg\" viewBox=\"0 0 2600 131.1\" preserveAspectRatio=\"none\">\n\t<path class=\"elementor-shape-fill\" d=\"M0 0L2600 0 2600 69.1 0 0z\"\/>\n\t<path class=\"elementor-shape-fill\" style=\"opacity:0.5\" d=\"M0 0L2600 0 2600 69.1 0 69.1z\"\/>\n\t<path class=\"elementor-shape-fill\" style=\"opacity:0.25\" d=\"M2600 0L0 0 0 130.1 2600 69.1z\"\/>\n<\/svg>\t\t<\/div>\n\t\t\t\t\t<div class=\"elementor-container elementor-column-gap-extended\">\n\t\t\t\t\t<div class=\"elementor-column elementor-col-100 elementor-top-column elementor-element elementor-element-29304e56\" data-id=\"29304e56\" data-element_type=\"column\">\n\t\t\t<div class=\"elementor-widget-wrap elementor-element-populated\">\n\t\t\t\t\t\t\t\t<div class=\"elementor-element elementor-element-52ad4f27 elementor-invisible elementor-widget elementor-widget-text-editor\" data-id=\"52ad4f27\" data-element_type=\"widget\" data-settings=\"{&quot;_animation&quot;:&quot;fadeInDown&quot;}\" data-widget_type=\"text-editor.default\">\n\t\t\t\t<div class=\"elementor-widget-container\">\n\t\t\t\t\t<div class=\"elementor-text-editor elementor-clearfix\"><p>ESPECIALISTAS EN MONTAJE Y MANTENCI\u00d3N<\/p><\/div>\n\t\t\t\t<\/div>\n\t\t\t\t<\/div>\n\t\t\t\t<div class=\"elementor-element elementor-element-6a123d4c elementor-invisible elementor-widget elementor-widget-heading\" data-id=\"6a123d4c\" data-element_type=\"widget\" data-settings=\"{&quot;_animation&quot;:&quot;fadeInDown&quot;,&quot;_animation_delay&quot;:200}\" data-widget_type=\"heading.default\">\n\t\t\t\t<div class=\"elementor-widget-container\">\n\t\t\t<h1 class=\"elementor-heading-title elementor-size-default\">empresa<\/h1>\t\t<\/div>\n\t\t\t\t<\/div>\n\t\t\t\t\t<\/div>\n\t\t<\/div>\n\t\t\t\t\t\t\t<\/div>\n\t\t<\/header>\n\t\t\t\t<section class=\"elementor-section elementor-top-section elementor-element elementor-element-2bfede7e elementor-section-boxed elementor-section-height-default elementor-section-height-default\" data-id=\"2bfede7e\" data-element_type=\"section\" data-settings=\"{&quot;background_background&quot;:&quot;classic&quot;,&quot;shape_divider_bottom&quot;:&quot;opacity-tilt&quot;}\">\n\t\t\t\t\t<div class=\"elementor-shape elementor-shape-bottom\" data-negative=\"false\">\n\t\t\t<svg xmlns=\"http:\/\/www.w3.org\/2000\/svg\" viewBox=\"0 0 2600 131.1\" preserveAspectRatio=\"none\">\n\t<path class=\"elementor-shape-fill\" d=\"M0 0L2600 0 2600 69.1 0 0z\"\/>\n\t<path class=\"elementor-shape-fill\" style=\"opacity:0.5\" d=\"M0 0L2600 0 2600 69.1 0 69.1z\"\/>\n\t<path class=\"elementor-shape-fill\" style=\"opacity:0.25\" d=\"M2600 0L0 0 0 130.1 2600 69.1z\"\/>\n<\/svg>\t\t<\/div>\n\t\t\t\t\t<div class=\"elementor-container elementor-column-gap-no\">\n\t\t\t\t\t<div class=\"elementor-column elementor-col-50 elementor-top-column elementor-element elementor-element-4acdd875\" data-id=\"4acdd875\" data-element_type=\"column\" data-settings=\"{&quot;background_background&quot;:&quot;classic&quot;}\">\n\t\t\t<div class=\"elementor-widget-wrap\">\n\t\t\t\t\t<div class=\"elementor-background-overlay\"><\/div>\n\t\t\t\t\t\t\t\t\t<\/div>\n\t\t<\/div>\n\t\t\t\t<div class=\"elementor-column elementor-col-50 elementor-top-column elementor-element elementor-element-7dcb7f66\" data-id=\"7dcb7f66\" data-element_type=\"column\" data-settings=\"{&quot;background_background&quot;:&quot;classic&quot;}\">\n\t\t\t<div class=\"elementor-widget-wrap elementor-element-populated\">\n\t\t\t\t\t<div class=\"elementor-background-overlay\"><\/div>\n\t\t\t\t\t\t\t\t<div class=\"elementor-element elementor-element-2f26d899 elementor-invisible elementor-widget elementor-widget-heading\" data-id=\"2f26d899\" data-element_type=\"widget\" data-settings=\"{&quot;_animation&quot;:&quot;fadeInDown&quot;}\" data-widget_type=\"heading.default\">\n\t\t\t\t<div class=\"elementor-widget-container\">\n\t\t\t<h3 class=\"elementor-heading-title elementor-size-default\">Preparados para<br> cualquier desafio<\/h3>\t\t<\/div>\n\t\t\t\t<\/div>\n\t\t\t\t<div class=\"elementor-element elementor-element-72827bc6 elementor-widget elementor-widget-text-editor\" data-id=\"72827bc6\" data-element_type=\"widget\" data-widget_type=\"text-editor.default\">\n\t\t\t\t<div class=\"elementor-widget-container\">\n\t\t\t\t\t<div class=\"elementor-text-editor elementor-clearfix\"><p>En CCM Servicios ofrecemos soluciones serias y profesionales de automatizaci\u00f3n industrial. Contamos con 15 a\u00f1os de experiencia en el rubro y con el personal espec\u00edfico para cada problema, lo que nos garantiza cumplir con cualquier desaf\u00edo que se presente frente a los requerimientos de cada cliente.<\/p><p>Nos caracterizamos por tratar a cada cliente con la dedicaci\u00f3n que se merece, cumpliendo con los plazos de entrega y respetando precios competitivos acorde al mercado actual.<\/p><\/div>\n\t\t\t\t<\/div>\n\t\t\t\t<\/div>\n\t\t\t\t<div class=\"elementor-element elementor-element-27d5878a elementor-icon-list--layout-traditional elementor-list-item-link-full_width elementor-widget elementor-widget-icon-list\" data-id=\"27d5878a\" data-element_type=\"widget\" data-widget_type=\"icon-list.default\">\n\t\t\t\t<div class=\"elementor-widget-container\">\n\t\t\t\t\t<ul class=\"elementor-icon-list-items\">\n\t\t\t\t\t\t\t<li class=\"elementor-icon-list-item\">\n\t\t\t\t\t\t\t\t\t\t\t<span class=\"elementor-icon-list-icon\">\n\t\t\t\t\t\t\t<i aria-hidden=\"true\" class=\"far fa-check-circle\"><\/i>\t\t\t\t\t\t<\/span>\n\t\t\t\t\t\t\t\t\t\t<span class=\"elementor-icon-list-text\">Agregamos valor en cada proyecto de manera comprometida y con mano de obra calificada. Para eso, analizamos el proyecto, conocemos las particularidades de cada industria, analizamos oportunidades, elaboramos planes , dise\u00f1amos la estructura adecuada para trabajar e implementamos la mejor soluci\u00f3n al menor costo posible.<\/span>\n\t\t\t\t\t\t\t\t\t<\/li>\n\t\t\t\t\t\t\t\t<li class=\"elementor-icon-list-item\">\n\t\t\t\t\t\t\t\t\t\t\t<span class=\"elementor-icon-list-icon\">\n\t\t\t\t\t\t\t<i aria-hidden=\"true\" class=\"far fa-check-circle\"><\/i>\t\t\t\t\t\t<\/span>\n\t\t\t\t\t\t\t\t\t\t<span class=\"elementor-icon-list-text\">Todo proyecto es trabajado y pensado en equipo. Entre todos compartimos una misma cultura: colaborar en la b\u00fasqueda de la mejor soluci\u00f3n.<\/span>\n\t\t\t\t\t\t\t\t\t<\/li>\n\t\t\t\t\t\t\t\t<li class=\"elementor-icon-list-item\">\n\t\t\t\t\t\t\t\t\t\t\t<span class=\"elementor-icon-list-icon\">\n\t\t\t\t\t\t\t<i aria-hidden=\"true\" class=\"far fa-check-circle\"><\/i>\t\t\t\t\t\t<\/span>\n\t\t\t\t\t\t\t\t\t\t<span class=\"elementor-icon-list-text\">Nos adaptamos a las necesidades y requerimientos de cada cliente.<\/span>\n\t\t\t\t\t\t\t\t\t<\/li>\n\t\t\t\t\t\t<\/ul>\n\t\t\t\t<\/div>\n\t\t\t\t<\/div>\n\t\t\t\t\t<\/div>\n\t\t<\/div>\n\t\t\t\t\t\t\t<\/div>\n\t\t<\/section>\n\t\t\t\t<section class=\"elementor-section elementor-top-section elementor-element elementor-element-1344399b elementor-section-content-middle elementor-section-boxed elementor-section-height-default elementor-section-height-default\" data-id=\"1344399b\" data-element_type=\"section\" data-settings=\"{&quot;background_background&quot;:&quot;classic&quot;}\">\n\t\t\t\t\t\t<div class=\"elementor-container elementor-column-gap-no\">\n\t\t\t\t\t<div class=\"elementor-column elementor-col-33 elementor-top-column elementor-element elementor-element-553e9947\" data-id=\"553e9947\" data-element_type=\"column\">\n\t\t\t<div class=\"elementor-widget-wrap elementor-element-populated\">\n\t\t\t\t\t\t\t\t<div class=\"elementor-element elementor-element-466ddfbe elementor-widget elementor-widget-image\" data-id=\"466ddfbe\" data-element_type=\"widget\" data-widget_type=\"image.default\">\n\t\t\t\t<div class=\"elementor-widget-container\">\n\t\t\t\t\t<div class=\"elementor-image\">\n\t\t\t\t\t\t\t\t\t\t<img width=\"576\" height=\"1024\" src=\"https:\/\/ccmservicios.cl\/wp-content\/uploads\/2024\/08\/WhatsApp-Image-2024-08-07-at-9.44.25-PM-576x1024.jpeg\" class=\"attachment-large size-large\" alt=\"\" loading=\"lazy\" srcset=\"https:\/\/ccmservicios.cl\/wp-content\/uploads\/2024\/08\/WhatsApp-Image-2024-08-07-at-9.44.25-PM-576x1024.jpeg 576w, https:\/\/ccmservicios.cl\/wp-content\/uploads\/2024\/08\/WhatsApp-Image-2024-08-07-at-9.44.25-PM-169x300.jpeg 169w, https:\/\/ccmservicios.cl\/wp-content\/uploads\/2024\/08\/WhatsApp-Image-2024-08-07-at-9.44.25-PM.jpeg 720w\" sizes=\"(max-width: 576px) 100vw, 576px\" \/>\t\t\t\t\t\t\t\t\t\t\t<\/div>\n\t\t\t\t<\/div>\n\t\t\t\t<\/div>\n\t\t\t\t\t<\/div>\n\t\t<\/div>\n\t\t\t\t<div class=\"elementor-column elementor-col-66 elementor-top-column elementor-element elementor-element-1ed85186\" data-id=\"1ed85186\" data-element_type=\"column\">\n\t\t\t<div class=\"elementor-widget-wrap elementor-element-populated\">\n\t\t\t\t\t\t\t\t<div class=\"elementor-element elementor-element-3f5723a7 elementor-widget elementor-widget-text-editor\" data-id=\"3f5723a7\" data-element_type=\"widget\" data-widget_type=\"text-editor.default\">\n\t\t\t\t<div class=\"elementor-widget-container\">\n\t\t\t\t\t<div class=\"elementor-text-editor elementor-clearfix\"><p class=\"font_7 wixui-rich-text__text\"><span class=\"wixui-rich-text__text\">Somos una empresa dedicada a brindar soluciones de ingenier\u00eda, fabricaci\u00f3n y montaje para todo tipo de industrias.<\/span><\/p><p class=\"font_7 wixui-rich-text__text\"><span class=\"wixui-rich-text__text\">Radicados en la regi\u00f3n Metropolitana, nos especializamos en ejecutar proyectos de instalaciones industriales, obras de\u00a0 electromec\u00e1nica, estructuras met\u00e1licas y montajes en todo el pa\u00eds.<\/span><\/p><\/div>\n\t\t\t\t<\/div>\n\t\t\t\t<\/div>\n\t\t\t\t<section class=\"elementor-section elementor-inner-section elementor-element elementor-element-54113134 elementor-section-boxed elementor-section-height-default elementor-section-height-default\" data-id=\"54113134\" data-element_type=\"section\">\n\t\t\t\t\t\t<div class=\"elementor-container elementor-column-gap-extended\">\n\t\t\t\t\t<div class=\"elementor-column elementor-col-50 elementor-inner-column elementor-element elementor-element-698d175d\" data-id=\"698d175d\" data-element_type=\"column\">\n\t\t\t<div class=\"elementor-widget-wrap elementor-element-populated\">\n\t\t\t\t\t\t\t\t<div class=\"elementor-element elementor-element-38a7dae1 elementor-view-stacked elementor-position-left elementor-vertical-align-middle elementor-shape-circle elementor-widget elementor-widget-icon-box\" data-id=\"38a7dae1\" data-element_type=\"widget\" data-widget_type=\"icon-box.default\">\n\t\t\t\t<div class=\"elementor-widget-container\">\n\t\t\t\t\t<div class=\"elementor-icon-box-wrapper\">\n\t\t\t\t\t\t<div class=\"elementor-icon-box-icon\">\n\t\t\t\t<span class=\"elementor-icon elementor-animation-\" >\n\t\t\t\t<i aria-hidden=\"true\" class=\"far fa-lightbulb\"><\/i>\t\t\t\t<\/span>\n\t\t\t<\/div>\n\t\t\t\t\t\t<div class=\"elementor-icon-box-content\">\n\t\t\t\t<h3 class=\"elementor-icon-box-title\">\n\t\t\t\t\t<span >Misi\u00f3n<\/span>\n\t\t\t\t<\/h3>\n\t\t\t\t\t\t\t\t<p class=\"elementor-icon-box-description\">Garantizar el \u00e9xito de cada proyecto a trav\u00e9s de un servicio integral de ingenier\u00eda, construcci\u00f3n y montaje de obras en cualquier lugar del pa\u00eds.<\/p>\n\t\t\t\t\t\t\t<\/div>\n\t\t<\/div>\n\t\t\t\t<\/div>\n\t\t\t\t<\/div>\n\t\t\t\t\t<\/div>\n\t\t<\/div>\n\t\t\t\t<div class=\"elementor-column elementor-col-50 elementor-inner-column elementor-element elementor-element-63bcd51f\" data-id=\"63bcd51f\" data-element_type=\"column\">\n\t\t\t<div class=\"elementor-widget-wrap elementor-element-populated\">\n\t\t\t\t\t\t\t\t<div class=\"elementor-element elementor-element-32f39da5 elementor-view-stacked elementor-position-left elementor-vertical-align-middle elementor-shape-circle elementor-widget elementor-widget-icon-box\" data-id=\"32f39da5\" data-element_type=\"widget\" data-widget_type=\"icon-box.default\">\n\t\t\t\t<div class=\"elementor-widget-container\">\n\t\t\t\t\t<div class=\"elementor-icon-box-wrapper\">\n\t\t\t\t\t\t<div class=\"elementor-icon-box-icon\">\n\t\t\t\t<span class=\"elementor-icon elementor-animation-\" >\n\t\t\t\t<i aria-hidden=\"true\" class=\"far fa-thumbs-up\"><\/i>\t\t\t\t<\/span>\n\t\t\t<\/div>\n\t\t\t\t\t\t<div class=\"elementor-icon-box-content\">\n\t\t\t\t<h3 class=\"elementor-icon-box-title\">\n\t\t\t\t\t<span >Visi\u00f3n<\/span>\n\t\t\t\t<\/h3>\n\t\t\t\t\t\t\t\t<p class=\"elementor-icon-box-description\">Ser referente nacional en materia de fabricaci\u00f3n y montaje de obras electromec\u00e1nicas y de infraestructura para todo tipo de industrias<\/p>\n\t\t\t\t\t\t\t<\/div>\n\t\t<\/div>\n\t\t\t\t<\/div>\n\t\t\t\t<\/div>\n\t\t\t\t\t<\/div>\n\t\t<\/div>\n\t\t\t\t\t\t\t<\/div>\n\t\t<\/section>\n\t\t\t\t<section class=\"elementor-section elementor-inner-section elementor-element elementor-element-080a427 elementor-section-boxed elementor-section-height-default elementor-section-height-default\" data-id=\"080a427\" data-element_type=\"section\">\n\t\t\t\t\t\t<div class=\"elementor-container elementor-column-gap-extended\">\n\t\t\t\t\t<div class=\"elementor-column elementor-col-100 elementor-inner-column elementor-element elementor-element-d4ca7f5\" data-id=\"d4ca7f5\" data-element_type=\"column\">\n\t\t\t<div class=\"elementor-widget-wrap elementor-element-populated\">\n\t\t\t\t\t\t\t\t<div class=\"elementor-element elementor-element-985dc08 elementor-view-stacked elementor-position-left elementor-vertical-align-middle elementor-shape-circle elementor-widget elementor-widget-icon-box\" data-id=\"985dc08\" data-element_type=\"widget\" data-widget_type=\"icon-box.default\">\n\t\t\t\t<div class=\"elementor-widget-container\">\n\t\t\t\t\t<div class=\"elementor-icon-box-wrapper\">\n\t\t\t\t\t\t<div class=\"elementor-icon-box-icon\">\n\t\t\t\t<span class=\"elementor-icon elementor-animation-\" >\n\t\t\t\t<i aria-hidden=\"true\" class=\"far fa-lightbulb\"><\/i>\t\t\t\t<\/span>\n\t\t\t<\/div>\n\t\t\t\t\t\t<div class=\"elementor-icon-box-content\">\n\t\t\t\t<h3 class=\"elementor-icon-box-title\">\n\t\t\t\t\t<span >Valores<\/span>\n\t\t\t\t<\/h3>\n\t\t\t\t\t\t\t\t<p class=\"elementor-icon-box-description\"><b>Pasi\u00f3n:<\/b> disfrutamos del trabajo, aceptamos desaf\u00edos y brindamos soluciones innovadoras que agregan valor a cada proyecto.<br>\n\n\u200b\n\n<b>Responsabilidad:<\/b> contamos con much\u00edsimas experiencia, conocemos en detalle las industrias y cumplimos con los plazos acordados.<br>\n\n \n\n<b>Compromiso y orientaci\u00f3n al cliente:<\/b> nos enfocamos en que nuestros clientes vivan una experiencia satisfactoria garantizando el \u00e9xito del proyecto.<br>\n\n \n\n<b>Flexibilidad:<\/b> nos adaptamos a las necesidades y requerimientos de cada cliente<\/p>\n\t\t\t\t\t\t\t<\/div>\n\t\t<\/div>\n\t\t\t\t<\/div>\n\t\t\t\t<\/div>\n\t\t\t\t\t<\/div>\n\t\t<\/div>\n\t\t\t\t\t\t\t<\/div>\n\t\t<\/section>\n\t\t\t\t\t<\/div>\n\t\t<\/div>\n\t\t\t\t\t\t\t<\/div>\n\t\t<\/section>\n\t\t\t\t<section class=\"elementor-section elementor-top-section elementor-element elementor-element-0170c7e elementor-section-content-middle elementor-section-boxed elementor-section-height-default elementor-section-height-default\" data-id=\"0170c7e\" data-element_type=\"section\" data-settings=\"{&quot;background_background&quot;:&quot;classic&quot;}\">\n\t\t\t\t\t\t\t<div class=\"elementor-background-overlay\"><\/div>\n\t\t\t\t\t\t\t<div class=\"elementor-container elementor-column-gap-wide\">\n\t\t\t\t\t<div class=\"elementor-column elementor-col-100 elementor-top-column elementor-element elementor-element-eac5f26\" data-id=\"eac5f26\" data-element_type=\"column\">\n\t\t\t<div class=\"elementor-widget-wrap elementor-element-populated\">\n\t\t\t\t\t\t\t\t<div class=\"elementor-element elementor-element-1f5ed7e elementor-invisible elementor-widget elementor-widget-heading\" data-id=\"1f5ed7e\" data-element_type=\"widget\" data-settings=\"{&quot;_animation&quot;:&quot;fadeInDown&quot;}\" data-widget_type=\"heading.default\">\n\t\t\t\t<div class=\"elementor-widget-container\">\n\t\t\t<h2 class=\"elementor-heading-title elementor-size-default\">agende una visita t\u00e9cnica<\/h2>\t\t<\/div>\n\t\t\t\t<\/div>\n\t\t\t\t<div class=\"elementor-element elementor-element-1e21383 elementor-hidden-phone elementor-widget-divider--view-line elementor-widget elementor-widget-divider\" data-id=\"1e21383\" data-element_type=\"widget\" data-widget_type=\"divider.default\">\n\t\t\t\t<div class=\"elementor-widget-container\">\n\t\t\t\t\t<div class=\"elementor-divider\">\n\t\t\t<span class=\"elementor-divider-separator\">\n\t\t\t\t\t\t<\/span>\n\t\t<\/div>\n\t\t\t\t<\/div>\n\t\t\t\t<\/div>\n\t\t\t\t<div class=\"elementor-element elementor-element-ee45462 elementor-invisible elementor-widget elementor-widget-text-editor\" data-id=\"ee45462\" data-element_type=\"widget\" data-settings=\"{&quot;_animation&quot;:&quot;fadeInUp&quot;,&quot;_animation_delay&quot;:200}\" data-widget_type=\"text-editor.default\">\n\t\t\t\t<div class=\"elementor-widget-container\">\n\t\t\t\t\t<div class=\"elementor-text-editor elementor-clearfix\"><p>Somos una empresa dedicada a brindar soluciones de dise\u00f1o, c\u00e1lculo, fabricaci\u00f3n y montaje.<\/p><\/div>\n\t\t\t\t<\/div>\n\t\t\t\t<\/div>\n\t\t\t\t\t<\/div>\n\t\t<\/div>\n\t\t\t\t\t\t\t<\/div>\n\t\t<\/section>\n\t\t\t\t\t\t<\/div>\n\t\t\t\t\t<\/div>\n\t\t","protected":false},"excerpt":{"rendered":"<p>ESPECIALISTAS EN MONTAJE Y MANTENCI\u00d3N empresa Preparados para cualquier desafio En CCM Servicios ofrecemos soluciones serias y profesionales de automatizaci\u00f3n industrial. Contamos con 15 a\u00f1os de experiencia en el rubro y con el personal espec\u00edfico para cada problema, lo que nos garantiza cumplir con cualquier desaf\u00edo que se presente frente a los requerimientos de cada &hellip;<\/p>\n<p class=\"read-more\"> <a class=\"\" href=\"https:\/\/ccmservicios.cl\/index.php\/empresa\/\"> <span class=\"screen-reader-text\">EMPRESA<\/span> Leer m\u00e1s &raquo;<\/a><\/p>\n","protected":false},"author":1,"featured_media":0,"parent":0,"menu_order":0,"comment_status":"closed","ping_status":"closed","template":"","meta":[],"yoast_head":"<!-- This site is optimized with the Yoast SEO plugin v17.3 - https:\/\/yoast.com\/wordpress\/plugins\/seo\/ -->\n<title>EMPRESA - Ccm Servicios<\/title>\n<meta name=\"robots\" content=\"index, follow, max-snippet:-1, max-image-preview:large, max-video-preview:-1\" \/>\n<link rel=\"canonical\" href=\"https:\/\/ccmservicios.cl\/index.php\/empresa\/\" \/>\n<meta property=\"og:locale\" content=\"es_ES\" \/>\n<meta property=\"og:type\" content=\"article\" \/>\n<meta property=\"og:title\" content=\"EMPRESA - Ccm Servicios\" \/>\n<meta property=\"og:description\" content=\"ESPECIALISTAS EN MONTAJE Y MANTENCI\u00d3N empresa Preparados para cualquier desafio En CCM Servicios ofrecemos soluciones serias y profesionales de automatizaci\u00f3n industrial. Contamos con 15 a\u00f1os de experiencia en el rubro y con el personal espec\u00edfico para cada problema, lo que nos garantiza cumplir con cualquier desaf\u00edo que se presente frente a los requerimientos de cada &hellip; EMPRESA Leer m\u00e1s &raquo;\" \/>\n<meta property=\"og:url\" content=\"https:\/\/ccmservicios.cl\/index.php\/empresa\/\" \/>\n<meta property=\"og:site_name\" content=\"Ccm Servicios\" \/>\n<meta property=\"article:modified_time\" content=\"2024-08-12T16:07:23+00:00\" \/>\n<meta property=\"og:image\" content=\"http:\/\/ccmservicios.cl\/wp-content\/uploads\/2024\/08\/WhatsApp-Image-2024-08-07-at-9.44.25-PM-576x1024.jpeg\" \/>\n<meta name=\"twitter:card\" content=\"summary_large_image\" \/>\n<meta name=\"twitter:label1\" content=\"Tiempo de lectura\" \/>\n\t<meta name=\"twitter:data1\" content=\"2 minutos\" \/>\n<script type=\"application\/ld+json\" class=\"yoast-schema-graph\">{\"@context\":\"https:\/\/schema.org\",\"@graph\":[{\"@type\":\"WebSite\",\"@id\":\"https:\/\/ccmservicios.cl\/#website\",\"url\":\"https:\/\/ccmservicios.cl\/\",\"name\":\"Ccm Servicios\",\"description\":\"Just another WordPress site\",\"potentialAction\":[{\"@type\":\"SearchAction\",\"target\":{\"@type\":\"EntryPoint\",\"urlTemplate\":\"https:\/\/ccmservicios.cl\/?s={search_term_string}\"},\"query-input\":\"required name=search_term_string\"}],\"inLanguage\":\"es\"},{\"@type\":\"ImageObject\",\"@id\":\"https:\/\/ccmservicios.cl\/index.php\/empresa\/#primaryimage\",\"inLanguage\":\"es\",\"url\":\"http:\/\/ccmservicios.cl\/wp-content\/uploads\/2024\/08\/WhatsApp-Image-2024-08-07-at-9.44.25-PM-576x1024.jpeg\",\"contentUrl\":\"http:\/\/ccmservicios.cl\/wp-content\/uploads\/2024\/08\/WhatsApp-Image-2024-08-07-at-9.44.25-PM-576x1024.jpeg\"},{\"@type\":\"WebPage\",\"@id\":\"https:\/\/ccmservicios.cl\/index.php\/empresa\/#webpage\",\"url\":\"https:\/\/ccmservicios.cl\/index.php\/empresa\/\",\"name\":\"EMPRESA - Ccm Servicios\",\"isPartOf\":{\"@id\":\"https:\/\/ccmservicios.cl\/#website\"},\"primaryImageOfPage\":{\"@id\":\"https:\/\/ccmservicios.cl\/index.php\/empresa\/#primaryimage\"},\"datePublished\":\"2024-08-08T23:36:41+00:00\",\"dateModified\":\"2024-08-12T16:07:23+00:00\",\"breadcrumb\":{\"@id\":\"https:\/\/ccmservicios.cl\/index.php\/empresa\/#breadcrumb\"},\"inLanguage\":\"es\",\"potentialAction\":[{\"@type\":\"ReadAction\",\"target\":[\"https:\/\/ccmservicios.cl\/index.php\/empresa\/\"]}]},{\"@type\":\"BreadcrumbList\",\"@id\":\"https:\/\/ccmservicios.cl\/index.php\/empresa\/#breadcrumb\",\"itemListElement\":[{\"@type\":\"ListItem\",\"position\":1,\"name\":\"Portada\",\"item\":\"https:\/\/ccmservicios.cl\/\"},{\"@type\":\"ListItem\",\"position\":2,\"name\":\"EMPRESA\"}]}]}<\/script>\n<!-- \/ Yoast SEO plugin. -->","yoast_head_json":{"title":"EMPRESA - Ccm Servicios","robots":{"index":"index","follow":"follow","max-snippet":"max-snippet:-1","max-image-preview":"max-image-preview:large","max-video-preview":"max-video-preview:-1"},"canonical":"https:\/\/ccmservicios.cl\/index.php\/empresa\/","og_locale":"es_ES","og_type":"article","og_title":"EMPRESA - Ccm Servicios","og_description":"ESPECIALISTAS EN MONTAJE Y MANTENCI\u00d3N empresa Preparados para cualquier desafio En CCM Servicios ofrecemos soluciones serias y profesionales de automatizaci\u00f3n industrial. Contamos con 15 a\u00f1os de experiencia en el rubro y con el personal espec\u00edfico para cada problema, lo que nos garantiza cumplir con cualquier desaf\u00edo que se presente frente a los requerimientos de cada &hellip; EMPRESA Leer m\u00e1s &raquo;","og_url":"https:\/\/ccmservicios.cl\/index.php\/empresa\/","og_site_name":"Ccm Servicios","article_modified_time":"2024-08-12T16:07:23+00:00","og_image":[{"url":"http:\/\/ccmservicios.cl\/wp-content\/uploads\/2024\/08\/WhatsApp-Image-2024-08-07-at-9.44.25-PM-576x1024.jpeg"}],"twitter_card":"summary_large_image","twitter_misc":{"Tiempo de lectura":"2 minutos"},"schema":{"@context":"https:\/\/schema.org","@graph":[{"@type":"WebSite","@id":"https:\/\/ccmservicios.cl\/#website","url":"https:\/\/ccmservicios.cl\/","name":"Ccm Servicios","description":"Just another WordPress site","potentialAction":[{"@type":"SearchAction","target":{"@type":"EntryPoint","urlTemplate":"https:\/\/ccmservicios.cl\/?s={search_term_string}"},"query-input":"required name=search_term_string"}],"inLanguage":"es"},{"@type":"ImageObject","@id":"https:\/\/ccmservicios.cl\/index.php\/empresa\/#primaryimage","inLanguage":"es","url":"http:\/\/ccmservicios.cl\/wp-content\/uploads\/2024\/08\/WhatsApp-Image-2024-08-07-at-9.44.25-PM-576x1024.jpeg","contentUrl":"http:\/\/ccmservicios.cl\/wp-content\/uploads\/2024\/08\/WhatsApp-Image-2024-08-07-at-9.44.25-PM-576x1024.jpeg"},{"@type":"WebPage","@id":"https:\/\/ccmservicios.cl\/index.php\/empresa\/#webpage","url":"https:\/\/ccmservicios.cl\/index.php\/empresa\/","name":"EMPRESA - Ccm Servicios","isPartOf":{"@id":"https:\/\/ccmservicios.cl\/#website"},"primaryImageOfPage":{"@id":"https:\/\/ccmservicios.cl\/index.php\/empresa\/#primaryimage"},"datePublished":"2024-08-08T23:36:41+00:00","dateModified":"2024-08-12T16:07:23+00:00","breadcrumb":{"@id":"https:\/\/ccmservicios.cl\/index.php\/empresa\/#breadcrumb"},"inLanguage":"es","potentialAction":[{"@type":"ReadAction","target":["https:\/\/ccmservicios.cl\/index.php\/empresa\/"]}]},{"@type":"BreadcrumbList","@id":"https:\/\/ccmservicios.cl\/index.php\/empresa\/#breadcrumb","itemListElement":[{"@type":"ListItem","position":1,"name":"Portada","item":"https:\/\/ccmservicios.cl\/"},{"@type":"ListItem","position":2,"name":"EMPRESA"}]}]}},"_links":{"self":[{"href":"https:\/\/ccmservicios.cl\/index.php\/wp-json\/wp\/v2\/pages\/380"}],"collection":[{"href":"https:\/\/ccmservicios.cl\/index.php\/wp-json\/wp\/v2\/pages"}],"about":[{"href":"https:\/\/ccmservicios.cl\/index.php\/wp-json\/wp\/v2\/types\/page"}],"author":[{"embeddable":true,"href":"https:\/\/ccmservicios.cl\/index.php\/wp-json\/wp\/v2\/users\/1"}],"replies":[{"embeddable":true,"href":"https:\/\/ccmservicios.cl\/index.php\/wp-json\/wp\/v2\/comments?post=380"}],"version-history":[{"count":28,"href":"https:\/\/ccmservicios.cl\/index.php\/wp-json\/wp\/v2\/pages\/380\/revisions"}],"predecessor-version":[{"id":477,"href":"https:\/\/ccmservicios.cl\/index.php\/wp-json\/wp\/v2\/pages\/380\/revisions\/477"}],"wp:attachment":[{"href":"https:\/\/ccmservicios.cl\/index.php\/wp-json\/wp\/v2\/media?parent=380"}],"curies":[{"name":"wp","href":"https:\/\/api.w.org\/{rel}","templated":true}]}}