{"id":383,"date":"2024-08-08T23:37:10","date_gmt":"2024-08-08T23:37:10","guid":{"rendered":"https:\/\/ccmservicios.cl\/?page_id=383"},"modified":"2024-08-12T16:09:40","modified_gmt":"2024-08-12T16:09:40","slug":"proyectos","status":"publish","type":"page","link":"https:\/\/ccmservicios.cl\/index.php\/proyectos\/","title":{"rendered":"PROYECTOS"},"content":{"rendered":"\t\t<div data-elementor-type=\"wp-page\" data-elementor-id=\"383\" class=\"elementor elementor-383\" data-elementor-settings=\"[]\">\n\t\t\t\t\t\t\t<div class=\"elementor-section-wrap\">\n\t\t\t\t\t\t\t<header class=\"elementor-section elementor-top-section elementor-element elementor-element-7846dbc8 elementor-section-height-min-height elementor-section-content-middle elementor-section-boxed elementor-section-height-default elementor-section-items-middle\" data-id=\"7846dbc8\" data-element_type=\"section\" data-settings=\"{&quot;background_background&quot;:&quot;classic&quot;}\">\n\t\t\t\t\t\t\t<div class=\"elementor-background-overlay\"><\/div>\n\t\t\t\t\t\t\t<div class=\"elementor-container elementor-column-gap-extended\">\n\t\t\t\t\t<div class=\"elementor-column elementor-col-100 elementor-top-column elementor-element elementor-element-52800b38\" data-id=\"52800b38\" data-element_type=\"column\">\n\t\t\t<div class=\"elementor-widget-wrap elementor-element-populated\">\n\t\t\t\t\t\t\t\t<div class=\"elementor-element elementor-element-3cd83e94 elementor-invisible elementor-widget elementor-widget-heading\" data-id=\"3cd83e94\" data-element_type=\"widget\" data-settings=\"{&quot;_animation&quot;:&quot;fadeInDown&quot;,&quot;_animation_delay&quot;:200}\" data-widget_type=\"heading.default\">\n\t\t\t\t<div class=\"elementor-widget-container\">\n\t\t\t<h1 class=\"elementor-heading-title elementor-size-default\">Proyectos<\/h1>\t\t<\/div>\n\t\t\t\t<\/div>\n\t\t\t\t\t<\/div>\n\t\t<\/div>\n\t\t\t\t\t\t\t<\/div>\n\t\t<\/header>\n\t\t\t\t<section class=\"elementor-section elementor-top-section elementor-element elementor-element-4430eb1 elementor-section-boxed elementor-section-height-default elementor-section-height-default\" data-id=\"4430eb1\" data-element_type=\"section\" data-settings=\"{&quot;background_background&quot;:&quot;classic&quot;}\">\n\t\t\t\t\t\t<div class=\"elementor-container elementor-column-gap-extended\">\n\t\t\t\t\t<div class=\"elementor-column elementor-col-50 elementor-top-column elementor-element elementor-element-f25b9d6\" data-id=\"f25b9d6\" data-element_type=\"column\">\n\t\t\t<div class=\"elementor-widget-wrap elementor-element-populated\">\n\t\t\t\t\t\t\t\t<div class=\"elementor-element elementor-element-e1875aa elementor-aspect-ratio-169 elementor-widget elementor-widget-video\" data-id=\"e1875aa\" data-element_type=\"widget\" data-settings=\"{&quot;video_type&quot;:&quot;hosted&quot;,&quot;start&quot;:1,&quot;autoplay&quot;:&quot;yes&quot;,&quot;play_on_mobile&quot;:&quot;yes&quot;,&quot;mute&quot;:&quot;yes&quot;,&quot;loop&quot;:&quot;yes&quot;,&quot;aspect_ratio&quot;:&quot;169&quot;}\" data-widget_type=\"video.default\">\n\t\t\t\t<div class=\"elementor-widget-container\">\n\t\t\t\t\t<div class=\"e-hosted-video elementor-wrapper elementor-fit-aspect-ratio elementor-open-inline\">\n\t\t\t\t\t<video class=\"elementor-video\" src=\"http:\/\/ccmservicios.cl\/wp-content\/uploads\/2024\/08\/WhatsApp-Video-2024-08-07-at-9.41.15-PM.mp4#t=1\" autoplay=\"\" loop=\"\" muted=\"muted\" playsinline=\"\" controlsList=\"nodownload\"><\/video>\n\t\t\t\t<\/div>\n\t\t\t\t<\/div>\n\t\t\t\t<\/div>\n\t\t\t\t\t<\/div>\n\t\t<\/div>\n\t\t\t\t<div class=\"elementor-column elementor-col-50 elementor-top-column elementor-element elementor-element-fc89ffd\" data-id=\"fc89ffd\" data-element_type=\"column\">\n\t\t\t<div class=\"elementor-widget-wrap elementor-element-populated\">\n\t\t\t\t\t\t\t\t<div class=\"elementor-element elementor-element-2b5fa06 gallery-spacing-custom elementor-widget elementor-widget-image-gallery\" data-id=\"2b5fa06\" data-element_type=\"widget\" data-widget_type=\"image-gallery.default\">\n\t\t\t\t<div class=\"elementor-widget-container\">\n\t\t\t\t\t<div class=\"elementor-image-gallery\">\n\t\t\t<div id='gallery-1' class='gallery galleryid-383 gallery-columns-1 gallery-size-full'><figure class='gallery-item'>\n\t\t\t<div class='gallery-icon landscape'>\n\t\t\t\t<img width=\"1600\" height=\"720\" src=\"https:\/\/ccmservicios.cl\/wp-content\/uploads\/2024\/08\/WhatsApp-Image-2024-08-07-at-10.02.43-PM-1.jpeg\" class=\"attachment-full size-full\" alt=\"\" loading=\"lazy\" srcset=\"https:\/\/ccmservicios.cl\/wp-content\/uploads\/2024\/08\/WhatsApp-Image-2024-08-07-at-10.02.43-PM-1.jpeg 1600w, https:\/\/ccmservicios.cl\/wp-content\/uploads\/2024\/08\/WhatsApp-Image-2024-08-07-at-10.02.43-PM-1-300x135.jpeg 300w, https:\/\/ccmservicios.cl\/wp-content\/uploads\/2024\/08\/WhatsApp-Image-2024-08-07-at-10.02.43-PM-1-1024x461.jpeg 1024w, https:\/\/ccmservicios.cl\/wp-content\/uploads\/2024\/08\/WhatsApp-Image-2024-08-07-at-10.02.43-PM-1-768x346.jpeg 768w, https:\/\/ccmservicios.cl\/wp-content\/uploads\/2024\/08\/WhatsApp-Image-2024-08-07-at-10.02.43-PM-1-1536x691.jpeg 1536w\" sizes=\"(max-width: 1600px) 100vw, 1600px\" \/>\n\t\t\t<\/div><\/figure><figure class='gallery-item'>\n\t\t\t<div class='gallery-icon landscape'>\n\t\t\t\t<img width=\"1280\" height=\"597\" src=\"https:\/\/ccmservicios.cl\/wp-content\/uploads\/2024\/08\/WhatsApp-Image-2024-08-07-at-9.44.25-PM-1.jpeg\" class=\"attachment-full size-full\" alt=\"\" loading=\"lazy\" srcset=\"https:\/\/ccmservicios.cl\/wp-content\/uploads\/2024\/08\/WhatsApp-Image-2024-08-07-at-9.44.25-PM-1.jpeg 1280w, https:\/\/ccmservicios.cl\/wp-content\/uploads\/2024\/08\/WhatsApp-Image-2024-08-07-at-9.44.25-PM-1-300x140.jpeg 300w, https:\/\/ccmservicios.cl\/wp-content\/uploads\/2024\/08\/WhatsApp-Image-2024-08-07-at-9.44.25-PM-1-1024x478.jpeg 1024w, https:\/\/ccmservicios.cl\/wp-content\/uploads\/2024\/08\/WhatsApp-Image-2024-08-07-at-9.44.25-PM-1-768x358.jpeg 768w\" sizes=\"(max-width: 1280px) 100vw, 1280px\" \/>\n\t\t\t<\/div><\/figure>\n\t\t<\/div>\n\t\t<\/div>\n\t\t\t\t<\/div>\n\t\t\t\t<\/div>\n\t\t\t\t\t<\/div>\n\t\t<\/div>\n\t\t\t\t\t\t\t<\/div>\n\t\t<\/section>\n\t\t\t\t<section class=\"elementor-section elementor-top-section elementor-element elementor-element-5d3991aa elementor-section-boxed elementor-section-height-default elementor-section-height-default\" data-id=\"5d3991aa\" data-element_type=\"section\" data-settings=\"{&quot;background_background&quot;:&quot;classic&quot;}\">\n\t\t\t\t\t\t<div class=\"elementor-container elementor-column-gap-extended\">\n\t\t\t\t\t<div class=\"elementor-column elementor-col-50 elementor-top-column elementor-element elementor-element-3ced7cbb\" data-id=\"3ced7cbb\" data-element_type=\"column\">\n\t\t\t<div class=\"elementor-widget-wrap elementor-element-populated\">\n\t\t\t\t\t\t\t\t<div class=\"elementor-element elementor-element-44b0b62c gallery-spacing-custom elementor-widget elementor-widget-image-gallery\" data-id=\"44b0b62c\" data-element_type=\"widget\" data-widget_type=\"image-gallery.default\">\n\t\t\t\t<div class=\"elementor-widget-container\">\n\t\t\t\t\t<div class=\"elementor-image-gallery\">\n\t\t\t<div id='gallery-2' class='gallery galleryid-383 gallery-columns-2 gallery-size-full'><figure class='gallery-item'>\n\t\t\t<div class='gallery-icon portrait'>\n\t\t\t\t<a data-elementor-open-lightbox=\"yes\" data-elementor-lightbox-slideshow=\"44b0b62c\" data-elementor-lightbox-title=\"1\" href='https:\/\/ccmservicios.cl\/wp-content\/uploads\/2024\/08\/1.png'><img width=\"800\" height=\"1200\" src=\"https:\/\/ccmservicios.cl\/wp-content\/uploads\/2024\/08\/1.png\" class=\"attachment-full size-full\" alt=\"\" loading=\"lazy\" srcset=\"https:\/\/ccmservicios.cl\/wp-content\/uploads\/2024\/08\/1.png 800w, https:\/\/ccmservicios.cl\/wp-content\/uploads\/2024\/08\/1-200x300.png 200w, https:\/\/ccmservicios.cl\/wp-content\/uploads\/2024\/08\/1-683x1024.png 683w, https:\/\/ccmservicios.cl\/wp-content\/uploads\/2024\/08\/1-768x1152.png 768w\" sizes=\"(max-width: 800px) 100vw, 800px\" \/><\/a>\n\t\t\t<\/div><\/figure><figure class='gallery-item'>\n\t\t\t<div class='gallery-icon portrait'>\n\t\t\t\t<a data-elementor-open-lightbox=\"yes\" data-elementor-lightbox-slideshow=\"44b0b62c\" data-elementor-lightbox-title=\"2\" href='https:\/\/ccmservicios.cl\/wp-content\/uploads\/2024\/08\/2.png'><img width=\"800\" height=\"1200\" src=\"https:\/\/ccmservicios.cl\/wp-content\/uploads\/2024\/08\/2.png\" class=\"attachment-full size-full\" alt=\"\" loading=\"lazy\" srcset=\"https:\/\/ccmservicios.cl\/wp-content\/uploads\/2024\/08\/2.png 800w, https:\/\/ccmservicios.cl\/wp-content\/uploads\/2024\/08\/2-200x300.png 200w, https:\/\/ccmservicios.cl\/wp-content\/uploads\/2024\/08\/2-683x1024.png 683w, https:\/\/ccmservicios.cl\/wp-content\/uploads\/2024\/08\/2-768x1152.png 768w\" sizes=\"(max-width: 800px) 100vw, 800px\" \/><\/a>\n\t\t\t<\/div><\/figure>\n\t\t<\/div>\n\t\t<\/div>\n\t\t\t\t<\/div>\n\t\t\t\t<\/div>\n\t\t\t\t\t<\/div>\n\t\t<\/div>\n\t\t\t\t<div class=\"elementor-column elementor-col-50 elementor-top-column elementor-element elementor-element-619712ef\" data-id=\"619712ef\" data-element_type=\"column\">\n\t\t\t<div class=\"elementor-widget-wrap elementor-element-populated\">\n\t\t\t\t\t\t\t\t<div class=\"elementor-element elementor-element-cb44407 elementor-aspect-ratio-11 elementor-widget elementor-widget-video\" data-id=\"cb44407\" data-element_type=\"widget\" data-settings=\"{&quot;video_type&quot;:&quot;hosted&quot;,&quot;start&quot;:1,&quot;autoplay&quot;:&quot;yes&quot;,&quot;play_on_mobile&quot;:&quot;yes&quot;,&quot;mute&quot;:&quot;yes&quot;,&quot;loop&quot;:&quot;yes&quot;,&quot;aspect_ratio&quot;:&quot;11&quot;}\" data-widget_type=\"video.default\">\n\t\t\t\t<div class=\"elementor-widget-container\">\n\t\t\t\t\t<div class=\"e-hosted-video elementor-wrapper elementor-fit-aspect-ratio elementor-open-inline\">\n\t\t\t\t\t<video class=\"elementor-video\" src=\"http:\/\/ccmservicios.cl\/wp-content\/uploads\/2024\/08\/WhatsApp-Video-2024-08-07-at-9.43.40-PM.mp4#t=1\" autoplay=\"\" loop=\"\" muted=\"muted\" playsinline=\"\" controlsList=\"nodownload\"><\/video>\n\t\t\t\t<\/div>\n\t\t\t\t<\/div>\n\t\t\t\t<\/div>\n\t\t\t\t\t<\/div>\n\t\t<\/div>\n\t\t\t\t\t\t\t<\/div>\n\t\t<\/section>\n\t\t\t\t<section class=\"elementor-section elementor-top-section elementor-element elementor-element-7e04e91e elementor-section-boxed elementor-section-height-default elementor-section-height-default\" data-id=\"7e04e91e\" data-element_type=\"section\" data-settings=\"{&quot;background_background&quot;:&quot;classic&quot;}\">\n\t\t\t\t\t\t<div class=\"elementor-container elementor-column-gap-extended\">\n\t\t\t\t\t<div class=\"elementor-column elementor-col-100 elementor-top-column elementor-element elementor-element-60550ff9\" data-id=\"60550ff9\" data-element_type=\"column\">\n\t\t\t<div class=\"elementor-widget-wrap elementor-element-populated\">\n\t\t\t\t\t\t\t\t<div class=\"elementor-element elementor-element-f5c27a gallery-spacing-custom elementor-widget elementor-widget-image-gallery\" data-id=\"f5c27a\" data-element_type=\"widget\" data-widget_type=\"image-gallery.default\">\n\t\t\t\t<div class=\"elementor-widget-container\">\n\t\t\t\t\t<div class=\"elementor-image-gallery\">\n\t\t\t<div id='gallery-3' class='gallery galleryid-383 gallery-columns-3 gallery-size-full'><figure class='gallery-item'>\n\t\t\t<div class='gallery-icon landscape'>\n\t\t\t\t<a data-elementor-open-lightbox=\"yes\" data-elementor-lightbox-slideshow=\"f5c27a\" data-elementor-lightbox-title=\"6\" href='https:\/\/ccmservicios.cl\/wp-content\/uploads\/2024\/08\/6.png'><img width=\"1000\" height=\"1000\" src=\"https:\/\/ccmservicios.cl\/wp-content\/uploads\/2024\/08\/6.png\" class=\"attachment-full size-full\" alt=\"\" loading=\"lazy\" srcset=\"https:\/\/ccmservicios.cl\/wp-content\/uploads\/2024\/08\/6.png 1000w, https:\/\/ccmservicios.cl\/wp-content\/uploads\/2024\/08\/6-300x300.png 300w, https:\/\/ccmservicios.cl\/wp-content\/uploads\/2024\/08\/6-150x150.png 150w, https:\/\/ccmservicios.cl\/wp-content\/uploads\/2024\/08\/6-768x768.png 768w\" sizes=\"(max-width: 1000px) 100vw, 1000px\" \/><\/a>\n\t\t\t<\/div><\/figure><figure class='gallery-item'>\n\t\t\t<div class='gallery-icon landscape'>\n\t\t\t\t<a data-elementor-open-lightbox=\"yes\" data-elementor-lightbox-slideshow=\"f5c27a\" data-elementor-lightbox-title=\"7\" href='https:\/\/ccmservicios.cl\/wp-content\/uploads\/2024\/08\/7.png'><img width=\"1000\" height=\"1000\" src=\"https:\/\/ccmservicios.cl\/wp-content\/uploads\/2024\/08\/7.png\" class=\"attachment-full size-full\" alt=\"\" loading=\"lazy\" srcset=\"https:\/\/ccmservicios.cl\/wp-content\/uploads\/2024\/08\/7.png 1000w, https:\/\/ccmservicios.cl\/wp-content\/uploads\/2024\/08\/7-300x300.png 300w, https:\/\/ccmservicios.cl\/wp-content\/uploads\/2024\/08\/7-150x150.png 150w, https:\/\/ccmservicios.cl\/wp-content\/uploads\/2024\/08\/7-768x768.png 768w\" sizes=\"(max-width: 1000px) 100vw, 1000px\" \/><\/a>\n\t\t\t<\/div><\/figure><figure class='gallery-item'>\n\t\t\t<div class='gallery-icon landscape'>\n\t\t\t\t<a data-elementor-open-lightbox=\"yes\" data-elementor-lightbox-slideshow=\"f5c27a\" data-elementor-lightbox-title=\"4\" href='https:\/\/ccmservicios.cl\/wp-content\/uploads\/2024\/08\/4.png'><img width=\"1000\" height=\"1000\" src=\"https:\/\/ccmservicios.cl\/wp-content\/uploads\/2024\/08\/4.png\" class=\"attachment-full size-full\" alt=\"\" loading=\"lazy\" srcset=\"https:\/\/ccmservicios.cl\/wp-content\/uploads\/2024\/08\/4.png 1000w, https:\/\/ccmservicios.cl\/wp-content\/uploads\/2024\/08\/4-300x300.png 300w, https:\/\/ccmservicios.cl\/wp-content\/uploads\/2024\/08\/4-150x150.png 150w, https:\/\/ccmservicios.cl\/wp-content\/uploads\/2024\/08\/4-768x768.png 768w\" sizes=\"(max-width: 1000px) 100vw, 1000px\" \/><\/a>\n\t\t\t<\/div><\/figure><figure class='gallery-item'>\n\t\t\t<div class='gallery-icon landscape'>\n\t\t\t\t<a data-elementor-open-lightbox=\"yes\" data-elementor-lightbox-slideshow=\"f5c27a\" data-elementor-lightbox-title=\"2\" href='https:\/\/ccmservicios.cl\/wp-content\/uploads\/2024\/08\/2-1.png'><img width=\"1000\" height=\"1000\" src=\"https:\/\/ccmservicios.cl\/wp-content\/uploads\/2024\/08\/2-1.png\" class=\"attachment-full size-full\" alt=\"\" loading=\"lazy\" srcset=\"https:\/\/ccmservicios.cl\/wp-content\/uploads\/2024\/08\/2-1.png 1000w, https:\/\/ccmservicios.cl\/wp-content\/uploads\/2024\/08\/2-1-300x300.png 300w, https:\/\/ccmservicios.cl\/wp-content\/uploads\/2024\/08\/2-1-150x150.png 150w, https:\/\/ccmservicios.cl\/wp-content\/uploads\/2024\/08\/2-1-768x768.png 768w\" sizes=\"(max-width: 1000px) 100vw, 1000px\" \/><\/a>\n\t\t\t<\/div><\/figure><figure class='gallery-item'>\n\t\t\t<div class='gallery-icon landscape'>\n\t\t\t\t<a data-elementor-open-lightbox=\"yes\" data-elementor-lightbox-slideshow=\"f5c27a\" data-elementor-lightbox-title=\"3\" href='https:\/\/ccmservicios.cl\/wp-content\/uploads\/2024\/08\/3-1.png'><img width=\"1000\" height=\"1000\" src=\"https:\/\/ccmservicios.cl\/wp-content\/uploads\/2024\/08\/3-1.png\" class=\"attachment-full size-full\" alt=\"\" loading=\"lazy\" srcset=\"https:\/\/ccmservicios.cl\/wp-content\/uploads\/2024\/08\/3-1.png 1000w, https:\/\/ccmservicios.cl\/wp-content\/uploads\/2024\/08\/3-1-300x300.png 300w, https:\/\/ccmservicios.cl\/wp-content\/uploads\/2024\/08\/3-1-150x150.png 150w, https:\/\/ccmservicios.cl\/wp-content\/uploads\/2024\/08\/3-1-768x768.png 768w\" sizes=\"(max-width: 1000px) 100vw, 1000px\" \/><\/a>\n\t\t\t<\/div><\/figure><figure class='gallery-item'>\n\t\t\t<div class='gallery-icon landscape'>\n\t\t\t\t<a data-elementor-open-lightbox=\"yes\" data-elementor-lightbox-slideshow=\"f5c27a\" data-elementor-lightbox-title=\"1\" href='https:\/\/ccmservicios.cl\/wp-content\/uploads\/2024\/08\/1-1.png'><img width=\"1000\" height=\"1000\" src=\"https:\/\/ccmservicios.cl\/wp-content\/uploads\/2024\/08\/1-1.png\" class=\"attachment-full size-full\" alt=\"\" loading=\"lazy\" srcset=\"https:\/\/ccmservicios.cl\/wp-content\/uploads\/2024\/08\/1-1.png 1000w, https:\/\/ccmservicios.cl\/wp-content\/uploads\/2024\/08\/1-1-300x300.png 300w, https:\/\/ccmservicios.cl\/wp-content\/uploads\/2024\/08\/1-1-150x150.png 150w, https:\/\/ccmservicios.cl\/wp-content\/uploads\/2024\/08\/1-1-768x768.png 768w\" sizes=\"(max-width: 1000px) 100vw, 1000px\" \/><\/a>\n\t\t\t<\/div><\/figure>\n\t\t<\/div>\n\t\t<\/div>\n\t\t\t\t<\/div>\n\t\t\t\t<\/div>\n\t\t\t\t\t<\/div>\n\t\t<\/div>\n\t\t\t\t\t\t\t<\/div>\n\t\t<\/section>\n\t\t\t\t<section class=\"elementor-section elementor-top-section elementor-element elementor-element-142fae8 elementor-section-content-middle elementor-section-boxed elementor-section-height-default elementor-section-height-default\" data-id=\"142fae8\" data-element_type=\"section\" data-settings=\"{&quot;background_background&quot;:&quot;classic&quot;}\">\n\t\t\t\t\t\t\t<div class=\"elementor-background-overlay\"><\/div>\n\t\t\t\t\t\t\t<div class=\"elementor-container elementor-column-gap-extended\">\n\t\t\t\t\t<div class=\"elementor-column elementor-col-33 elementor-top-column elementor-element elementor-element-e0a6fb3\" data-id=\"e0a6fb3\" data-element_type=\"column\">\n\t\t\t<div class=\"elementor-widget-wrap\">\n\t\t\t\t\t\t\t\t\t<\/div>\n\t\t<\/div>\n\t\t\t\t<div class=\"elementor-column elementor-col-33 elementor-top-column elementor-element elementor-element-b4efdc8\" data-id=\"b4efdc8\" data-element_type=\"column\">\n\t\t\t<div class=\"elementor-widget-wrap elementor-element-populated\">\n\t\t\t\t\t\t\t\t<div class=\"elementor-element elementor-element-9982979 elementor-invisible elementor-widget elementor-widget-heading\" data-id=\"9982979\" data-element_type=\"widget\" data-settings=\"{&quot;_animation&quot;:&quot;fadeInDown&quot;}\" data-widget_type=\"heading.default\">\n\t\t\t\t<div class=\"elementor-widget-container\">\n\t\t\t<h2 class=\"elementor-heading-title elementor-size-default\">agende una visita t\u00e9cnica<\/h2>\t\t<\/div>\n\t\t\t\t<\/div>\n\t\t\t\t<div class=\"elementor-element elementor-element-53cd44f elementor-invisible elementor-widget elementor-widget-text-editor\" data-id=\"53cd44f\" data-element_type=\"widget\" data-settings=\"{&quot;_animation&quot;:&quot;fadeInUp&quot;,&quot;_animation_delay&quot;:200}\" data-widget_type=\"text-editor.default\">\n\t\t\t\t<div class=\"elementor-widget-container\">\n\t\t\t\t\t<div class=\"elementor-text-editor elementor-clearfix\"><p>Somos una empresa dedicada a brindar soluciones de dise\u00f1o, c\u00e1lculo, fabricaci\u00f3n y montaje.<\/p><\/div>\n\t\t\t\t<\/div>\n\t\t\t\t<\/div>\n\t\t\t\t<div class=\"elementor-element elementor-element-bfc208e elementor-align-center elementor-tablet-align-center elementor-invisible elementor-widget elementor-widget-button\" data-id=\"bfc208e\" data-element_type=\"widget\" data-settings=\"{&quot;_animation&quot;:&quot;fadeIn&quot;,&quot;_animation_delay&quot;:400}\" data-widget_type=\"button.default\">\n\t\t\t\t<div class=\"elementor-widget-container\">\n\t\t\t\t\t<div class=\"elementor-button-wrapper\">\n\t\t\t<a href=\"tel:%20+5693744%200045\" class=\"elementor-button-link elementor-button elementor-size-sm elementor-animation-sink\" role=\"button\">\n\t\t\t\t\t\t<span class=\"elementor-button-content-wrapper\">\n\t\t\t\t\t\t<span class=\"elementor-button-icon elementor-align-icon-right\">\n\t\t\t\t<i aria-hidden=\"true\" class=\"fas fa-arrow-circle-right\"><\/i>\t\t\t<\/span>\n\t\t\t\t\t\t<span class=\"elementor-button-text\">agendar visita<\/span>\n\t\t<\/span>\n\t\t\t\t\t<\/a>\n\t\t<\/div>\n\t\t\t\t<\/div>\n\t\t\t\t<\/div>\n\t\t\t\t\t<\/div>\n\t\t<\/div>\n\t\t\t\t<div class=\"elementor-column elementor-col-33 elementor-top-column elementor-element elementor-element-5f67d36\" data-id=\"5f67d36\" data-element_type=\"column\">\n\t\t\t<div class=\"elementor-widget-wrap\">\n\t\t\t\t\t\t\t\t\t<\/div>\n\t\t<\/div>\n\t\t\t\t\t\t\t<\/div>\n\t\t<\/section>\n\t\t\t\t\t\t<\/div>\n\t\t\t\t\t<\/div>\n\t\t","protected":false},"excerpt":{"rendered":"<p>Proyectos http:\/\/ccmservicios.cl\/wp-content\/uploads\/2024\/08\/WhatsApp-Video-2024-08-07-at-9.41.15-PM.mp4#t=1 http:\/\/ccmservicios.cl\/wp-content\/uploads\/2024\/08\/WhatsApp-Video-2024-08-07-at-9.43.40-PM.mp4#t=1 agende una visita t\u00e9cnica Somos una empresa dedicada a brindar soluciones de dise\u00f1o, c\u00e1lculo, fabricaci\u00f3n y montaje. agendar visita<\/p>\n","protected":false},"author":1,"featured_media":0,"parent":0,"menu_order":0,"comment_status":"closed","ping_status":"closed","template":"","meta":[],"yoast_head":"<!-- This site is optimized with the Yoast SEO plugin v17.3 - https:\/\/yoast.com\/wordpress\/plugins\/seo\/ -->\n<title>PROYECTOS - Ccm Servicios<\/title>\n<meta name=\"robots\" content=\"index, follow, max-snippet:-1, max-image-preview:large, max-video-preview:-1\" \/>\n<link rel=\"canonical\" href=\"https:\/\/ccmservicios.cl\/index.php\/proyectos\/\" \/>\n<meta property=\"og:locale\" content=\"es_ES\" \/>\n<meta property=\"og:type\" content=\"article\" \/>\n<meta property=\"og:title\" content=\"PROYECTOS - Ccm Servicios\" \/>\n<meta property=\"og:description\" content=\"Proyectos http:\/\/ccmservicios.cl\/wp-content\/uploads\/2024\/08\/WhatsApp-Video-2024-08-07-at-9.41.15-PM.mp4#t=1 http:\/\/ccmservicios.cl\/wp-content\/uploads\/2024\/08\/WhatsApp-Video-2024-08-07-at-9.43.40-PM.mp4#t=1 agende una visita t\u00e9cnica Somos una empresa dedicada a brindar soluciones de dise\u00f1o, c\u00e1lculo, fabricaci\u00f3n y montaje. agendar visita\" \/>\n<meta property=\"og:url\" content=\"https:\/\/ccmservicios.cl\/index.php\/proyectos\/\" \/>\n<meta property=\"og:site_name\" content=\"Ccm Servicios\" \/>\n<meta property=\"article:modified_time\" content=\"2024-08-12T16:09:40+00:00\" \/>\n<meta property=\"og:image\" content=\"http:\/\/ccmservicios.cl\/wp-content\/uploads\/2024\/08\/WhatsApp-Image-2024-08-07-at-10.02.43-PM-1.jpeg\" \/>\n<meta name=\"twitter:card\" content=\"summary_large_image\" \/>\n<meta name=\"twitter:label1\" content=\"Tiempo de lectura\" \/>\n\t<meta name=\"twitter:data1\" content=\"3 minutos\" \/>\n<script type=\"application\/ld+json\" class=\"yoast-schema-graph\">{\"@context\":\"https:\/\/schema.org\",\"@graph\":[{\"@type\":\"WebSite\",\"@id\":\"https:\/\/ccmservicios.cl\/#website\",\"url\":\"https:\/\/ccmservicios.cl\/\",\"name\":\"Ccm Servicios\",\"description\":\"Just another WordPress site\",\"potentialAction\":[{\"@type\":\"SearchAction\",\"target\":{\"@type\":\"EntryPoint\",\"urlTemplate\":\"https:\/\/ccmservicios.cl\/?s={search_term_string}\"},\"query-input\":\"required name=search_term_string\"}],\"inLanguage\":\"es\"},{\"@type\":\"ImageObject\",\"@id\":\"https:\/\/ccmservicios.cl\/index.php\/proyectos\/#primaryimage\",\"inLanguage\":\"es\",\"url\":\"http:\/\/ccmservicios.cl\/wp-content\/uploads\/2024\/08\/WhatsApp-Image-2024-08-07-at-10.02.43-PM-1.jpeg\",\"contentUrl\":\"http:\/\/ccmservicios.cl\/wp-content\/uploads\/2024\/08\/WhatsApp-Image-2024-08-07-at-10.02.43-PM-1.jpeg\"},{\"@type\":\"WebPage\",\"@id\":\"https:\/\/ccmservicios.cl\/index.php\/proyectos\/#webpage\",\"url\":\"https:\/\/ccmservicios.cl\/index.php\/proyectos\/\",\"name\":\"PROYECTOS - Ccm Servicios\",\"isPartOf\":{\"@id\":\"https:\/\/ccmservicios.cl\/#website\"},\"primaryImageOfPage\":{\"@id\":\"https:\/\/ccmservicios.cl\/index.php\/proyectos\/#primaryimage\"},\"datePublished\":\"2024-08-08T23:37:10+00:00\",\"dateModified\":\"2024-08-12T16:09:40+00:00\",\"breadcrumb\":{\"@id\":\"https:\/\/ccmservicios.cl\/index.php\/proyectos\/#breadcrumb\"},\"inLanguage\":\"es\",\"potentialAction\":[{\"@type\":\"ReadAction\",\"target\":[\"https:\/\/ccmservicios.cl\/index.php\/proyectos\/\"]}]},{\"@type\":\"BreadcrumbList\",\"@id\":\"https:\/\/ccmservicios.cl\/index.php\/proyectos\/#breadcrumb\",\"itemListElement\":[{\"@type\":\"ListItem\",\"position\":1,\"name\":\"Portada\",\"item\":\"https:\/\/ccmservicios.cl\/\"},{\"@type\":\"ListItem\",\"position\":2,\"name\":\"PROYECTOS\"}]}]}<\/script>\n<!-- \/ Yoast SEO plugin. -->","yoast_head_json":{"title":"PROYECTOS - Ccm Servicios","robots":{"index":"index","follow":"follow","max-snippet":"max-snippet:-1","max-image-preview":"max-image-preview:large","max-video-preview":"max-video-preview:-1"},"canonical":"https:\/\/ccmservicios.cl\/index.php\/proyectos\/","og_locale":"es_ES","og_type":"article","og_title":"PROYECTOS - Ccm Servicios","og_description":"Proyectos http:\/\/ccmservicios.cl\/wp-content\/uploads\/2024\/08\/WhatsApp-Video-2024-08-07-at-9.41.15-PM.mp4#t=1 http:\/\/ccmservicios.cl\/wp-content\/uploads\/2024\/08\/WhatsApp-Video-2024-08-07-at-9.43.40-PM.mp4#t=1 agende una visita t\u00e9cnica Somos una empresa dedicada a brindar soluciones de dise\u00f1o, c\u00e1lculo, fabricaci\u00f3n y montaje. agendar visita","og_url":"https:\/\/ccmservicios.cl\/index.php\/proyectos\/","og_site_name":"Ccm Servicios","article_modified_time":"2024-08-12T16:09:40+00:00","og_image":[{"url":"http:\/\/ccmservicios.cl\/wp-content\/uploads\/2024\/08\/WhatsApp-Image-2024-08-07-at-10.02.43-PM-1.jpeg"}],"twitter_card":"summary_large_image","twitter_misc":{"Tiempo de lectura":"3 minutos"},"schema":{"@context":"https:\/\/schema.org","@graph":[{"@type":"WebSite","@id":"https:\/\/ccmservicios.cl\/#website","url":"https:\/\/ccmservicios.cl\/","name":"Ccm Servicios","description":"Just another WordPress site","potentialAction":[{"@type":"SearchAction","target":{"@type":"EntryPoint","urlTemplate":"https:\/\/ccmservicios.cl\/?s={search_term_string}"},"query-input":"required name=search_term_string"}],"inLanguage":"es"},{"@type":"ImageObject","@id":"https:\/\/ccmservicios.cl\/index.php\/proyectos\/#primaryimage","inLanguage":"es","url":"http:\/\/ccmservicios.cl\/wp-content\/uploads\/2024\/08\/WhatsApp-Image-2024-08-07-at-10.02.43-PM-1.jpeg","contentUrl":"http:\/\/ccmservicios.cl\/wp-content\/uploads\/2024\/08\/WhatsApp-Image-2024-08-07-at-10.02.43-PM-1.jpeg"},{"@type":"WebPage","@id":"https:\/\/ccmservicios.cl\/index.php\/proyectos\/#webpage","url":"https:\/\/ccmservicios.cl\/index.php\/proyectos\/","name":"PROYECTOS - Ccm Servicios","isPartOf":{"@id":"https:\/\/ccmservicios.cl\/#website"},"primaryImageOfPage":{"@id":"https:\/\/ccmservicios.cl\/index.php\/proyectos\/#primaryimage"},"datePublished":"2024-08-08T23:37:10+00:00","dateModified":"2024-08-12T16:09:40+00:00","breadcrumb":{"@id":"https:\/\/ccmservicios.cl\/index.php\/proyectos\/#breadcrumb"},"inLanguage":"es","potentialAction":[{"@type":"ReadAction","target":["https:\/\/ccmservicios.cl\/index.php\/proyectos\/"]}]},{"@type":"BreadcrumbList","@id":"https:\/\/ccmservicios.cl\/index.php\/proyectos\/#breadcrumb","itemListElement":[{"@type":"ListItem","position":1,"name":"Portada","item":"https:\/\/ccmservicios.cl\/"},{"@type":"ListItem","position":2,"name":"PROYECTOS"}]}]}},"_links":{"self":[{"href":"https:\/\/ccmservicios.cl\/index.php\/wp-json\/wp\/v2\/pages\/383"}],"collection":[{"href":"https:\/\/ccmservicios.cl\/index.php\/wp-json\/wp\/v2\/pages"}],"about":[{"href":"https:\/\/ccmservicios.cl\/index.php\/wp-json\/wp\/v2\/types\/page"}],"author":[{"embeddable":true,"href":"https:\/\/ccmservicios.cl\/index.php\/wp-json\/wp\/v2\/users\/1"}],"replies":[{"embeddable":true,"href":"https:\/\/ccmservicios.cl\/index.php\/wp-json\/wp\/v2\/comments?post=383"}],"version-history":[{"count":13,"href":"https:\/\/ccmservicios.cl\/index.php\/wp-json\/wp\/v2\/pages\/383\/revisions"}],"predecessor-version":[{"id":483,"href":"https:\/\/ccmservicios.cl\/index.php\/wp-json\/wp\/v2\/pages\/383\/revisions\/483"}],"wp:attachment":[{"href":"https:\/\/ccmservicios.cl\/index.php\/wp-json\/wp\/v2\/media?parent=383"}],"curies":[{"name":"wp","href":"https:\/\/api.w.org\/{rel}","templated":true}]}}